{"id":335,"date":"2018-01-22T15:09:43","date_gmt":"2018-01-22T19:09:43","guid":{"rendered":"http:\/\/ayuntamiento.o\/transparencia\/?page_id=335"},"modified":"2021-05-27T18:27:39","modified_gmt":"2021-05-27T22:27:39","slug":"lista-de-proveedores","status":"publish","type":"page","link":"https:\/\/ayuntamientoelseibo.gob.do\/transparencia\/lista-de-proveedores\/","title":{"rendered":"Lista de proveedores"},"content":{"rendered":"<p>En cumplimiento con las Disposiciones de la Ley No. 340-06 Sobre Compras y Contrataciones, el Ayuntamiento Municipal de Santa Cruz de El Seibo utiliza \u00fanica y exclusivamente los proveedores calificados por la Direcci\u00f3n General de Contrataciones P\u00fablicas, a trav\u00e9s del Registro de Proveedores del Estado (RPE).<\/p>\n","protected":false},"excerpt":{"rendered":"En cumplimiento con las Disposiciones de la Ley No. 340-06 Sobre Compras y Contrataciones, el Ayuntamiento Municipal de Santa Cruz de El Seibo utiliza \u00fanica y exclusivamente los proveedores calificados por la Direcci\u00f3n General de Contrataciones P\u00fablicas, a trav\u00e9s del Registro de Proveedores del Estado (RPE).","protected":false},"author":3,"featured_media":0,"parent":0,"menu_order":0,"comment_status":"closed","ping_status":"closed","template":"","meta":[],"acf":[],"_links":{"self":[{"href":"https:\/\/ayuntamientoelseibo.gob.do\/transparencia\/wp-json\/wp\/v2\/pages\/335"}],"collection":[{"href":"https:\/\/ayuntamientoelseibo.gob.do\/transparencia\/wp-json\/wp\/v2\/pages"}],"about":[{"href":"https:\/\/ayuntamientoelseibo.gob.do\/transparencia\/wp-json\/wp\/v2\/types\/page"}],"author":[{"embeddable":true,"href":"https:\/\/ayuntamientoelseibo.gob.do\/transparencia\/wp-json\/wp\/v2\/users\/3"}],"replies":[{"embeddable":true,"href":"https:\/\/ayuntamientoelseibo.gob.do\/transparencia\/wp-json\/wp\/v2\/comments?post=335"}],"version-history":[{"count":4,"href":"https:\/\/ayuntamientoelseibo.gob.do\/transparencia\/wp-json\/wp\/v2\/pages\/335\/revisions"}],"predecessor-version":[{"id":412,"href":"https:\/\/ayuntamientoelseibo.gob.do\/transparencia\/wp-json\/wp\/v2\/pages\/335\/revisions\/412"}],"wp:attachment":[{"href":"https:\/\/ayuntamientoelseibo.gob.do\/transparencia\/wp-json\/wp\/v2\/media?parent=335"}],"curies":[{"name":"wp","href":"https:\/\/api.w.org\/{rel}","templated":true}]}}