{"id":78,"date":"2017-12-12T11:24:21","date_gmt":"2017-12-12T15:24:21","guid":{"rendered":"http:\/\/ayuntamiento.guineo\/transparencia\/?page_id=78"},"modified":"2026-02-10T23:08:53","modified_gmt":"2026-02-11T03:08:53","slug":"definicion-oaim-oficina-de-acceso-a-la-informacion-municipal","status":"publish","type":"page","link":"https:\/\/ayuntamientoelseibo.gob.do\/transparencia\/definicion-oaim-oficina-de-acceso-a-la-informacion-municipal\/","title":{"rendered":"Definici\u00f3n OAIM (Oficina de Acceso a la Informaci\u00f3n Municipal)"},"content":{"rendered":"<p><img loading=\"lazy\" class=\"alignnone wp-image-2376 size-medium\" src=\"http:\/\/ayuntamientoelseibo.gob.do\/transparencia\/wp-content\/uploads\/2026\/02\/WhatsApp-Image-2026-02-10-at-10.46.59-PM-250x298.jpeg\" alt=\"\" width=\"250\" height=\"298\" srcset=\"https:\/\/ayuntamientoelseibo.gob.do\/transparencia\/wp-content\/uploads\/2026\/02\/WhatsApp-Image-2026-02-10-at-10.46.59-PM-250x298.jpeg 250w, https:\/\/ayuntamientoelseibo.gob.do\/transparencia\/wp-content\/uploads\/2026\/02\/WhatsApp-Image-2026-02-10-at-10.46.59-PM-120x143.jpeg 120w, https:\/\/ayuntamientoelseibo.gob.do\/transparencia\/wp-content\/uploads\/2026\/02\/WhatsApp-Image-2026-02-10-at-10.46.59-PM.jpeg 621w\" sizes=\"(max-width: 250px) 100vw, 250px\" \/><\/p>\n<p>La <strong data-start=\"3\" data-end=\"64\">Oficina de Libre Acceso a la Informaci\u00f3n Municipal (OAIM)<\/strong> es la dependencia del ayuntamiento encargada de <strong data-start=\"113\" data-end=\"190\">garantizar el derecho de la ciudadan\u00eda a acceder a la informaci\u00f3n p\u00fablica<\/strong> que genera y administra el gobierno local de nuestra Alcald\u00eda de El Seibo.<\/p>\n<p>Su fundamento es la institucionalidad y la transparencia, actuando en conformidad a lo estipulado en la Ley 176-07 del Distrito Nacional y los Municipios.<\/p>\n<h3 data-start=\"310\" data-end=\"330\">\u00bfPara qu\u00e9 sirve?<\/h3>\n<ul data-start=\"331\" data-end=\"668\">\n<li data-start=\"331\" data-end=\"423\">\n<p data-start=\"333\" data-end=\"423\">\ud83d\udcc2 <strong data-start=\"336\" data-end=\"393\">Recibir y tramitar solicitudes de informaci\u00f3n p\u00fablica<\/strong> hechas por cualquier persona.<\/p>\n<\/li>\n<li data-start=\"424\" data-end=\"506\">\n<p data-start=\"426\" data-end=\"506\">\ud83d\udd0d <strong data-start=\"429\" data-end=\"478\">Facilitar informaci\u00f3n clara, veraz y oportuna<\/strong> sobre la gesti\u00f3n municipal.<\/p>\n<\/li>\n<li data-start=\"507\" data-end=\"585\">\n<p data-start=\"509\" data-end=\"585\">\ud83d\udcca <strong data-start=\"512\" data-end=\"567\">Promover la transparencia y la rendici\u00f3n de cuentas<\/strong> del ayuntamiento.<\/p>\n<\/li>\n<li data-start=\"586\" data-end=\"668\">\n<p data-start=\"588\" data-end=\"668\">\ud83e\udd1d <strong data-start=\"591\" data-end=\"632\">Fortalecer la participaci\u00f3n ciudadana<\/strong> y la confianza en la gesti\u00f3n local.<\/p>\n<\/li>\n<\/ul>\n<h3 data-start=\"670\" data-end=\"708\">\u00bfQu\u00e9 tipo de informaci\u00f3n gestiona?<\/h3>\n<p data-start=\"709\" data-end=\"721\">Entre otras:<\/p>\n<ul data-start=\"722\" data-end=\"945\">\n<li data-start=\"722\" data-end=\"769\">\n<p data-start=\"724\" data-end=\"769\">Presupuesto municipal y ejecuci\u00f3n de gastos<\/p>\n<\/li>\n<li data-start=\"770\" data-end=\"804\">\n<p data-start=\"772\" data-end=\"804\">Proyectos y obras en ejecuci\u00f3n<\/p>\n<\/li>\n<li data-start=\"805\" data-end=\"843\">\n<p data-start=\"807\" data-end=\"843\">N\u00f3mina y estructura administrativa<\/p>\n<\/li>\n<li data-start=\"844\" data-end=\"886\">\n<p data-start=\"846\" data-end=\"886\">Licitaciones, compras y contrataciones<\/p>\n<\/li>\n<li data-start=\"887\" data-end=\"945\">\n<p data-start=\"889\" data-end=\"945\">Resoluciones, ordenanzas y actas del Concejo Municipal<\/p>\n<\/li>\n<\/ul>\n<h3 data-start=\"947\" data-end=\"986\">\u00bfQui\u00e9n puede solicitar informaci\u00f3n?<\/h3>\n<p data-start=\"987\" data-end=\"1067\">\ud83d\udc49 <strong data-start=\"990\" data-end=\"1013\">Cualquier ciudadano<\/strong>, sin necesidad de explicar el motivo de su solicitud.<\/p>\n<h3 data-start=\"1069\" data-end=\"1107\">Marco legal (Rep\u00fablica Dominicana)<\/h3>\n<p data-start=\"1108\" data-end=\"1148\">La OAIM se fundamenta principalmente en:<\/p>\n<ul data-start=\"1149\" data-end=\"1324\">\n<li data-start=\"1149\" data-end=\"1210\">\n<p data-start=\"1151\" data-end=\"1210\"><strong data-start=\"1151\" data-end=\"1210\">Ley No. 200-04 de Libre Acceso a la Informaci\u00f3n P\u00fablica<\/strong><\/p>\n<\/li>\n<li data-start=\"1211\" data-end=\"1242\">\n<p data-start=\"1213\" data-end=\"1242\">Su reglamento de aplicaci\u00f3n<\/p>\n<\/li>\n<li data-start=\"1243\" data-end=\"1324\">\n<p data-start=\"1245\" data-end=\"1324\">Normativas de la Direcci\u00f3n General de \u00c9tica e Integridad Gubernamental (DIGEIG)<\/p>\n<\/li>\n<\/ul>\n<p>Est\u00e1 coordinada por nuestro colaborador el <strong>Lic. Yoelvin Maldonado Parra<\/strong>.<\/p>\n<p>E-mail: yoelvinparra@icloud.com<\/p>\n<p>Cel. : 809-360-8199<\/p>\n","protected":false},"excerpt":{"rendered":"La Oficina de Libre Acceso a la Informaci\u00f3n Municipal (OAIM) es la dependencia del ayuntamiento encargada de garantizar el derecho de la ciudadan\u00eda a acceder a la informaci\u00f3n p\u00fablica que genera y administra el gobierno local de nuestra Alcald\u00eda de El Seibo. Su fundamento es la institucionalidad y la transparencia, actuando en conformidad a lo&#8230;","protected":false},"author":3,"featured_media":377,"parent":0,"menu_order":0,"comment_status":"closed","ping_status":"closed","template":"","meta":[],"acf":[],"_links":{"self":[{"href":"https:\/\/ayuntamientoelseibo.gob.do\/transparencia\/wp-json\/wp\/v2\/pages\/78"}],"collection":[{"href":"https:\/\/ayuntamientoelseibo.gob.do\/transparencia\/wp-json\/wp\/v2\/pages"}],"about":[{"href":"https:\/\/ayuntamientoelseibo.gob.do\/transparencia\/wp-json\/wp\/v2\/types\/page"}],"author":[{"embeddable":true,"href":"https:\/\/ayuntamientoelseibo.gob.do\/transparencia\/wp-json\/wp\/v2\/users\/3"}],"replies":[{"embeddable":true,"href":"https:\/\/ayuntamientoelseibo.gob.do\/transparencia\/wp-json\/wp\/v2\/comments?post=78"}],"version-history":[{"count":10,"href":"https:\/\/ayuntamientoelseibo.gob.do\/transparencia\/wp-json\/wp\/v2\/pages\/78\/revisions"}],"predecessor-version":[{"id":2379,"href":"https:\/\/ayuntamientoelseibo.gob.do\/transparencia\/wp-json\/wp\/v2\/pages\/78\/revisions\/2379"}],"wp:featuredmedia":[{"embeddable":true,"href":"https:\/\/ayuntamientoelseibo.gob.do\/transparencia\/wp-json\/wp\/v2\/media\/377"}],"wp:attachment":[{"href":"https:\/\/ayuntamientoelseibo.gob.do\/transparencia\/wp-json\/wp\/v2\/media?parent=78"}],"curies":[{"name":"wp","href":"https:\/\/api.w.org\/{rel}","templated":true}]}}